{"id":37716,"date":"2023-09-08T08:28:26","date_gmt":"2023-09-08T06:28:26","guid":{"rendered":"https:\/\/www.gonzalez-arte.com\/accessibility\/"},"modified":"2026-01-13T15:28:10","modified_gmt":"2026-01-13T14:28:10","slug":"accessibility","status":"publish","type":"page","link":"https:\/\/www.gonzalez-arte.com\/en\/accessibility\/","title":{"rendered":"Accessibility"},"content":{"rendered":"\t\t<div data-elementor-type=\"wp-page\" data-elementor-id=\"37716\" class=\"elementor elementor-37716 elementor-35079\" data-elementor-post-type=\"page\">\n\t\t\t\t\t\t<section class=\"elementor-section elementor-top-section elementor-element elementor-element-3fa292a elementor-section-boxed elementor-section-height-default elementor-section-height-default sc_fly_static\" data-id=\"3fa292a\" data-element_type=\"section\" data-e-type=\"section\">\n\t\t\t\t\t\t<div class=\"elementor-container elementor-column-gap-extended\">\n\t\t\t\t\t<div class=\"elementor-column elementor-col-100 elementor-top-column elementor-element elementor-element-ca7b8b2 sc_inner_width_none sc_content_align_inherit sc_layouts_column_icons_position_left sc_fly_static\" data-id=\"ca7b8b2\" data-element_type=\"column\" data-e-type=\"column\">\n\t\t\t<div class=\"elementor-widget-wrap elementor-element-populated\">\n\t\t\t\t\t\t<div class=\"elementor-element elementor-element-bbda262 sc_fly_static elementor-widget elementor-widget-heading\" data-id=\"bbda262\" data-element_type=\"widget\" data-e-type=\"widget\" data-widget_type=\"heading.default\">\n\t\t\t\t<div class=\"elementor-widget-container\">\n\t\t\t\t\t<h2 class=\"elementor-heading-title elementor-size-default\">Accessibility<\/h2>\t\t\t\t<\/div>\n\t\t\t\t<\/div>\n\t\t\t\t<div class=\"elementor-element elementor-element-99d6f7d sc_fly_static elementor-widget elementor-widget-text-editor\" data-id=\"99d6f7d\" data-element_type=\"widget\" data-e-type=\"widget\" data-widget_type=\"text-editor.default\">\n\t\t\t\t<div class=\"elementor-widget-container\">\n\t\t\t\t\t\t\t\t\t<p>Queremos que todo el mundo que visite la web de Gonz\u00e1lez Arte y Decoraci\u00f3n se sienta bienvenido y encuentre la experiencia gratificante.<\/p>\n<p>\u00bfQu\u00e9 estamos haciendo?<br>Para ayudarnos a hacer de la web de Gonz\u00e1lez Arte y Decoraci\u00f3n un sitio positivo para todos, hemos estado utilizando las Directrices de accesibilidad al contenido web (WCAG) 2.1. Estas directrices explican c\u00f3mo hacer que el contenido web sea m\u00e1s accesible para personas con discapacidad y f\u00e1cil de utilizar para todos.<\/p>\n<p>Las directrices tienen tres niveles de accesibilidad (A, AA y AAA). Hemos escogido el nivel AA como objetivo de la web de Gonz\u00e1lez Arte y Decoraci\u00f3n.<\/p>\n<p>\u00bfC\u00f3mo lo hacemos?<br>Hemos trabajado mucho en la web de Gonz\u00e1lez Arte y Decoraci\u00f3n y creemos que hemos alcanzado nuestro objetivo de accesibilidad de nivel AA. Supervisamos el sitio web peri\u00f3dicamente para mantenerlo, pero si encuentra alg\u00fan problema, p\u00f3ngase en contacto.<\/p>\n<p>H\u00e1ganos saber qu\u00e9 le parece<br>Si le ha gustado utilizar la web de Gonz\u00e1lez Arte y Decoraci\u00f3n, o si ha tenido problemas con alguna parte de ella, p\u00f3ngase en contacto. Nos gustar\u00eda recibir noticias suyas de cualquiera de las siguientes formas:<\/p>\n<p>env\u00edanos un correo electr\u00f3nico a info@gonzalez-arte.com<br>ll\u00e1manos al (+34) 93 752 27 53 o al (+34) 93 752 42 78.<br>ponte en contacto en https:\/\/www.gonzalez-arte.com\/contactar<\/p>\t\t\t\t\t\t\t\t<\/div>\n\t\t\t\t<\/div>\n\t\t\t\t\t<\/div>\n\t\t<\/div>\n\t\t\t\t\t<\/div>\n\t\t<\/section>\n\t\t\t\t<\/div>\n\t\t","protected":false},"excerpt":{"rendered":"<p>Accessibility Queremos que todo el mundo que visite la web de Gonz\u00e1lez Arte y Decoraci\u00f3n se sienta bienvenido y encuentre la experiencia gratificante. \u00bfQu\u00e9 estamos haciendo?Para ayudarnos a hacer de&hellip;<\/p>\n","protected":false},"author":1,"featured_media":0,"parent":0,"menu_order":0,"comment_status":"closed","ping_status":"closed","template":"","meta":{"footnotes":""},"class_list":["post-37716","page","type-page","status-publish","hentry"],"jetpack_sharing_enabled":true,"_links":{"self":[{"href":"https:\/\/www.gonzalez-arte.com\/en\/wp-json\/wp\/v2\/pages\/37716","targetHints":{"allow":["GET"]}}],"collection":[{"href":"https:\/\/www.gonzalez-arte.com\/en\/wp-json\/wp\/v2\/pages"}],"about":[{"href":"https:\/\/www.gonzalez-arte.com\/en\/wp-json\/wp\/v2\/types\/page"}],"author":[{"embeddable":true,"href":"https:\/\/www.gonzalez-arte.com\/en\/wp-json\/wp\/v2\/users\/1"}],"replies":[{"embeddable":true,"href":"https:\/\/www.gonzalez-arte.com\/en\/wp-json\/wp\/v2\/comments?post=37716"}],"version-history":[{"count":1,"href":"https:\/\/www.gonzalez-arte.com\/en\/wp-json\/wp\/v2\/pages\/37716\/revisions"}],"predecessor-version":[{"id":37717,"href":"https:\/\/www.gonzalez-arte.com\/en\/wp-json\/wp\/v2\/pages\/37716\/revisions\/37717"}],"wp:attachment":[{"href":"https:\/\/www.gonzalez-arte.com\/en\/wp-json\/wp\/v2\/media?parent=37716"}],"curies":[{"name":"wp","href":"https:\/\/api.w.org\/{rel}","templated":true}]}}