{"id":37581,"date":"2023-09-08T09:08:46","date_gmt":"2023-09-08T07:08:46","guid":{"rendered":"https:\/\/www.gonzalez-arte.com\/chaine-ethique\/"},"modified":"2024-12-05T08:01:04","modified_gmt":"2024-12-05T07:01:04","slug":"chaine-ethique","status":"publish","type":"page","link":"https:\/\/www.gonzalez-arte.com\/fr\/chaine-ethique\/","title":{"rendered":"Cha\u00eene \u00e9thique"},"content":{"rendered":"\t\t<div data-elementor-type=\"wp-page\" data-elementor-id=\"37581\" class=\"elementor elementor-37581 elementor-35127\" data-elementor-post-type=\"page\">\n\t\t\t\t\t\t<section class=\"elementor-section elementor-top-section elementor-element elementor-element-3fa292a elementor-section-boxed elementor-section-height-default elementor-section-height-default sc_fly_static\" data-id=\"3fa292a\" data-element_type=\"section\" data-e-type=\"section\">\n\t\t\t\t\t\t<div class=\"elementor-container elementor-column-gap-extended\">\n\t\t\t\t\t<div class=\"elementor-column elementor-col-100 elementor-top-column elementor-element elementor-element-ca7b8b2 sc_inner_width_none sc_content_align_inherit sc_layouts_column_icons_position_left sc_fly_static\" data-id=\"ca7b8b2\" data-element_type=\"column\" data-e-type=\"column\">\n\t\t\t<div class=\"elementor-widget-wrap elementor-element-populated\">\n\t\t\t\t\t\t<div class=\"elementor-element elementor-element-bbda262 sc_fly_static elementor-widget elementor-widget-heading\" data-id=\"bbda262\" data-element_type=\"widget\" data-e-type=\"widget\" data-widget_type=\"heading.default\">\n\t\t\t\t<div class=\"elementor-widget-container\">\n\t\t\t\t\t<h2 class=\"elementor-heading-title elementor-size-default\">Cha\u00eene \u00e9thique<\/h2>\t\t\t\t<\/div>\n\t\t\t\t<\/div>\n\t\t\t\t<div class=\"elementor-element elementor-element-99d6f7d sc_fly_static elementor-widget elementor-widget-text-editor\" data-id=\"99d6f7d\" data-element_type=\"widget\" data-e-type=\"widget\" data-widget_type=\"text-editor.default\">\n\t\t\t\t<div class=\"elementor-widget-container\">\n\t\t\t\t\t\t\t\t\t<p class=\"p1\"><b>GONZ\u00c1LEZ ARTE Y DECORACI\u00d3N SL <\/b>en su modelo de organizaci\u00f3n y gesti\u00f3n ha habilitado ha habilitado un Canal \u00c9tico con eficacia preventiva que posibilita la detecci\u00f3n de actos o conductas que pudieran resultar contrarios a la normativa general o sectorial que le fuera aplicable con conformidad con el c\u00f3digo penal cuando impone \u201cla obligaci\u00f3n de informar de posibles riesgos e incumplimientos al organismo encargado de vigilar el funcionamiento y la observancia del modelo de prevenci\u00f3n\u201d<\/p>\n<p class=\"p3\">El canal \u00c9tico est\u00e1 habilitado para todos los miembros que forman parte de nuestra entidad y\/o terceros que puedan poner en conocimiento de la organizaci\u00f3n la existencia de alguna debilidad procedimental y organizativa que pueda derivar en un riesgo penal o la comisi\u00f3n <span class=\"Apple-converted-space\">u<\/span> omisi\u00f3n de un hecho delictivo.<\/p>\n<p class=\"p3\"><strong>GONZ\u00c1LEZ ARTE Y DECORACI\u00d3N SL<\/strong> garantiza la confidencialidad, el anonimato y la existencia de represalias de ning\u00fan tipo hacia la persona que hubiera puesto los hechos en conocimiento. Los datos se conservar\u00e1n en el sistema \u00fanicamente durante el tiempo imprescindible para la averiguaci\u00f3n de los hechos denunciados. En todo caso, transcurridos tres meses desde la introducci\u00f3n de sus datos de car\u00e1cter personal, nuestra organizaci\u00f3n proceder\u00e1 a su supresi\u00f3n del sistema. Si fuera necesaria su conservaci\u00f3n para continuar la investigaci\u00f3n nuestra organizaci\u00f3n podr\u00e1 seguir tratando sus datos en un entorno distinto que corresponda legalmente.<\/p>\n<p class=\"p3\">Se podr\u00e1 comunicar las denuncias mediante cualquiera de los siguientes canales habilitados en la organizaci\u00f3n:<\/p>\n<p class=\"p3\">1- Correo electr\u00f3nico a la siguiente direcci\u00f3n: <a href=\"mailto:compliance@gonzalez-arte.com\"><span class=\"s1\">compliance@gonzalez-arte.com<\/span><\/a><\/p>\n<p class=\"p3\">2- Modelo de comunicaci\u00f3n de indicio o sospecha de conducta delictiva que podr\u00e1 obtenerse en formato f\u00edsico o digital solicit\u00e1ndolo en las oficinas de la organizaci\u00f3n.<\/p>\n<p class=\"p3\">3- Cumplimentaci\u00f3n del Formulario web <a href=\"https:\/\/www.gonzalez-arte.com\/formulario-canal-etico\/\">Modelo Canal \u00c9tico<\/a> en la p\u00e1gina de la entidad: <strong>WWW.GONZALEZ-ARTE.COM <\/strong> <span class=\"Apple-converted-space\"><strong> <\/strong>  <\/span><\/p>\n\t\t\t\t\t\t\t\t<\/div>\n\t\t\t\t<\/div>\n\t\t\t\t\t<\/div>\n\t\t<\/div>\n\t\t\t\t\t<\/div>\n\t\t<\/section>\n\t\t\t\t<section class=\"elementor-section elementor-top-section elementor-element elementor-element-787303f elementor-section-boxed elementor-section-height-default elementor-section-height-default sc_fly_static\" data-id=\"787303f\" data-element_type=\"section\" data-e-type=\"section\">\n\t\t\t\t\t\t<div class=\"elementor-container elementor-column-gap-extended\">\n\t\t\t\t\t<div class=\"elementor-column elementor-col-100 elementor-top-column elementor-element elementor-element-f1e6e6b sc_inner_width_none sc_content_align_inherit sc_layouts_column_icons_position_left sc_fly_static\" data-id=\"f1e6e6b\" data-element_type=\"column\" data-e-type=\"column\">\n\t\t\t<div class=\"elementor-widget-wrap elementor-element-populated\">\n\t\t\t\t\t\t<div class=\"elementor-element elementor-element-52ee5e2 sc_fly_static elementor-widget elementor-widget-spacer\" data-id=\"52ee5e2\" data-element_type=\"widget\" data-e-type=\"widget\" data-widget_type=\"spacer.default\">\n\t\t\t\t<div class=\"elementor-widget-container\">\n\t\t\t\t\t\t\t<div class=\"elementor-spacer\">\n\t\t\t<div class=\"elementor-spacer-inner\"><\/div>\n\t\t<\/div>\n\t\t\t\t\t\t<\/div>\n\t\t\t\t<\/div>\n\t\t\t\t\t<\/div>\n\t\t<\/div>\n\t\t\t\t\t<\/div>\n\t\t<\/section>\n\t\t\t\t<\/div>\n\t\t","protected":false},"excerpt":{"rendered":"<p>Cha\u00eene \u00e9thique GONZ\u00c1LEZ ARTE Y DECORACI\u00d3N SL en su modelo de organizaci\u00f3n y gesti\u00f3n ha habilitado ha habilitado un Canal \u00c9tico con eficacia preventiva que posibilita la detecci\u00f3n de actos&hellip;<\/p>\n","protected":false},"author":1,"featured_media":0,"parent":0,"menu_order":0,"comment_status":"closed","ping_status":"closed","template":"","meta":{"footnotes":""},"class_list":["post-37581","page","type-page","status-publish","hentry"],"jetpack_sharing_enabled":true,"_links":{"self":[{"href":"https:\/\/www.gonzalez-arte.com\/fr\/wp-json\/wp\/v2\/pages\/37581","targetHints":{"allow":["GET"]}}],"collection":[{"href":"https:\/\/www.gonzalez-arte.com\/fr\/wp-json\/wp\/v2\/pages"}],"about":[{"href":"https:\/\/www.gonzalez-arte.com\/fr\/wp-json\/wp\/v2\/types\/page"}],"author":[{"embeddable":true,"href":"https:\/\/www.gonzalez-arte.com\/fr\/wp-json\/wp\/v2\/users\/1"}],"replies":[{"embeddable":true,"href":"https:\/\/www.gonzalez-arte.com\/fr\/wp-json\/wp\/v2\/comments?post=37581"}],"version-history":[{"count":1,"href":"https:\/\/www.gonzalez-arte.com\/fr\/wp-json\/wp\/v2\/pages\/37581\/revisions"}],"predecessor-version":[{"id":37582,"href":"https:\/\/www.gonzalez-arte.com\/fr\/wp-json\/wp\/v2\/pages\/37581\/revisions\/37582"}],"wp:attachment":[{"href":"https:\/\/www.gonzalez-arte.com\/fr\/wp-json\/wp\/v2\/media?parent=37581"}],"curies":[{"name":"wp","href":"https:\/\/api.w.org\/{rel}","templated":true}]}}