{"id":37620,"date":"2024-12-05T12:48:11","date_gmt":"2024-12-05T11:48:11","guid":{"rendered":"https:\/\/www.gonzalez-arte.com\/?page_id=37620"},"modified":"2024-12-05T13:06:35","modified_gmt":"2024-12-05T12:06:35","slug":"politique-des-medias-sociaux","status":"publish","type":"page","link":"https:\/\/www.gonzalez-arte.com\/fr\/politique-des-medias-sociaux\/","title":{"rendered":"politique des m\u00e9dias sociaux"},"content":{"rendered":"\t\t<div data-elementor-type=\"wp-page\" data-elementor-id=\"37620\" class=\"elementor elementor-37620 elementor-37618\" data-elementor-post-type=\"page\">\n\t\t\t\t\t\t<section class=\"elementor-section elementor-top-section elementor-element elementor-element-ee63cb9 elementor-section-boxed elementor-section-height-default elementor-section-height-default sc_fly_static\" data-id=\"ee63cb9\" data-element_type=\"section\" data-e-type=\"section\">\n\t\t\t\t\t\t<div class=\"elementor-container elementor-column-gap-extended\">\n\t\t\t\t\t<div class=\"elementor-column elementor-col-100 elementor-top-column elementor-element elementor-element-44a1334 sc_inner_width_none sc_content_align_inherit sc_layouts_column_icons_position_left sc_fly_static\" data-id=\"44a1334\" data-element_type=\"column\" data-e-type=\"column\">\n\t\t\t<div class=\"elementor-widget-wrap elementor-element-populated\">\n\t\t\t\t\t\t<div class=\"elementor-element elementor-element-0e6b874 sc_fly_static elementor-widget elementor-widget-heading\" data-id=\"0e6b874\" data-element_type=\"widget\" data-e-type=\"widget\" data-widget_type=\"heading.default\">\n\t\t\t\t<div class=\"elementor-widget-container\">\n\t\t\t\t\t<h2 class=\"elementor-heading-title elementor-size-default\">POL\u00cdTICA DE REDES SOCIALES<\/h2>\t\t\t\t<\/div>\n\t\t\t\t<\/div>\n\t\t\t\t\t<\/div>\n\t\t<\/div>\n\t\t\t\t\t<\/div>\n\t\t<\/section>\n\t\t\t\t<section class=\"elementor-section elementor-top-section elementor-element elementor-element-2f509d6 elementor-section-boxed elementor-section-height-default elementor-section-height-default sc_fly_static\" data-id=\"2f509d6\" data-element_type=\"section\" data-e-type=\"section\">\n\t\t\t\t\t\t<div class=\"elementor-container elementor-column-gap-extended\">\n\t\t\t\t\t<div class=\"elementor-column elementor-col-100 elementor-top-column elementor-element elementor-element-3c4939e sc_inner_width_none sc_content_align_inherit sc_layouts_column_icons_position_left sc_fly_static\" data-id=\"3c4939e\" data-element_type=\"column\" data-e-type=\"column\">\n\t\t\t<div class=\"elementor-widget-wrap elementor-element-populated\">\n\t\t\t\t\t\t<div class=\"elementor-element elementor-element-8c46f49 sc_fly_static elementor-widget elementor-widget-text-editor\" data-id=\"8c46f49\" data-element_type=\"widget\" data-e-type=\"widget\" data-widget_type=\"text-editor.default\">\n\t\t\t\t<div class=\"elementor-widget-container\">\n\t\t\t\t\t\t\t\t\tDe conformidad con lo establecido en la normativa vigente y aplicable de protecci\u00f3n de datos de car\u00e1cter personal y la Ley 34\/2002, de 11 de julio, de Servicios de la Sociedad de la Informaci\u00f3n y de Comercio Electr\u00f3nico (LSSI-CE), GONZALEZ ARTE Y DECORACION SL informa a los usuarios, que ha procedido a crear un perfil en la\/s Red\/es Social\/es Facebook, Instagram, con la finalidad principal de publicitar sus productos y servicios.\n\nDatos de GONZALEZ ARTE Y DECORACION SL:\n<ul>\n \t<li>NIF: B60334455<\/li>\n \t<li>DIRECCI\u00d3N: LLEVANT, 1,08338 PREMIA DE DALT(BARCELONA)<\/li>\n \t<li>CORREO ELECTR\u00d3NICO: <a href=\"mailto:DAVID@GONZALEZ-ARTE.COM\">DAVID@GONZALEZ-ARTE.COM<\/a> .<\/li>\n<\/ul>\nEl usuario dispone de un perfil en la misma Red Social y ha decidido unirse a la p\u00e1gina creada por GONZALEZ ARTE Y DECORACION SL, mostrando as\u00ed inter\u00e9s en la informaci\u00f3n que se publicite en la Red. Al unirse a nuestra p\u00e1gina, nos facilita su consentimiento para el tratamiento de aquellos datos personales publicados en su perfil.\n\nEl usuario puede acceder en todo momento a las pol\u00edticas de privacidad de la propia Red Social, as\u00ed como configurar su perfil para garantizar su privacidad.\n\nGONZALEZ ARTE Y DECORACION SL tiene acceso y trata aquella informaci\u00f3n p\u00fablica del usuario, en especial, su nombre de contacto. Estos datos, s\u00f3lo son utilizados dentro de la propia Red Social. No son incorporados a ning\u00fan sistema de tratamiento.\n<h6>Derechos de los interesados<\/h6>\n<strong>\u00a0<\/strong>En relaci\u00f3n a los derechos de acceso, rectificaci\u00f3n, limitaci\u00f3n de tratamiento, supresi\u00f3n, portabilidad y oposici\u00f3n al tratamiento de sus datos de car\u00e1cter personal, de los que usted dispone y que pueden ser ejercitados ante GONZALEZ ARTE Y DECORACION SL, de acuerdo con la RGPD, debe tener en cuenta los siguientes matices:\n\nDerecho de Acceso: Es el derecho del usuario a obtener informaci\u00f3n sobre sus datos concretos de car\u00e1cter personal y del tratamiento que se haya realizado o realice, as\u00ed como de la informaci\u00f3n disponible sobre el origen de dichos datos y las comunicaciones realizadas o previstas de los mismos.\n\nDerecho de Rectificaci\u00f3n: Es el derecho del afectado a que se modifiquen los datos que resulten ser inexactos o incompletos. S\u00f3lo podr\u00e1 satisfacerse en relaci\u00f3n a aquella informaci\u00f3n que se encuentre bajo el control de GONZALEZ ARTE Y DECORACION SL, por ejemplo, eliminar comentarios publicados en la propia p\u00e1gina, im\u00e1genes o contenidos web donde consten datos de car\u00e1cter personal del usuario.\n\nDerecho a la Limitaci\u00f3n de tratamiento: Es el derecho a que se limiten los fines del tratamiento previstos de forma original por el responsable del tratamiento.\n\nDerecho de Supresi\u00f3n: Es el derecho a suprimir los datos de car\u00e1cter personal del usuario, a excepci\u00f3n de lo previsto en el propio RGPD o en otras normativas aplicables que determinen la obligatoriedad de la conservaci\u00f3n de los mismos, en tiempo y forma.\n\nDerecho de portabilidad: El derecho a recibir los datos personales que el usuario, haya facilitado, en un formato estructurado, de uso com\u00fan y lectura mec\u00e1nica, y a transmitirlos a otro responsable.\n\nDerecho de Oposici\u00f3n: Es el derecho del usuario a que no se lleve a cabo el tratamiento de sus datos de car\u00e1cter personal o se cese el tratamiento de los mismos por parte de GONZALEZ ARTE Y DECORACION SL.\n\nGONZALEZ ARTE Y DECORACION SL realizar\u00e1 las siguientes actuaciones:\n\nAcceso a la informaci\u00f3n p\u00fablica del perfil.\n\nPublicaci\u00f3n en el perfil del usuario de toda aquella informaci\u00f3n ya publicada en la p\u00e1gina de GONZALEZ ARTE Y DECORACION SL.\n\nEnviar mensajes personales e individuales a trav\u00e9s de los canales de la Red Social. \u00a0\u00a0\u00a0\u00a0\u00a0\u00a0\u00a0\u00a0 Actualizaciones del estado de la p\u00e1gina que se publicar\u00e1n en el perfil del usuario.\n\nEl usuario siempre puede controlar sus conexiones, eliminar los contenidos que dejen de interesarle y restringir con qui\u00e9n comparte sus conexiones, para ello deber\u00e1 acceder a su configuraci\u00f3n de privacidad.\n<h6>Publicaciones<\/h6>\n<strong>\u00a0<\/strong>El usuario, una vez unido a la p\u00e1gina de GONZALEZ ARTE Y DECORACION SL, podr\u00e1 publicar en \u00e9sta \u00faltima comentarios, enlaces, im\u00e1genes o fotograf\u00edas o cualquier otro tipo de contenido multimedia soportado por la Red Social. El usuario, en todos los casos, debe ser el titular de los mismos, gozar de los derechos de autor y de propiedad intelectual o contar con el consentimiento de los terceros afectados. Se proh\u00edbe expresamente cualquier publicaci\u00f3n en la p\u00e1gina, ya sean textos, gr\u00e1ficos, fotograf\u00edas, v\u00eddeos, etc. que atenten o sean susceptibles de atentar contra la moral, la \u00e9tica, el buen gusto o el decoro, y\/o que infrinjan, violen o quebranten los derechos de propiedad intelectual o industrial, el derecho a la imagen o la Ley. En estos casos, GONZALEZ ARTE Y DECORACION SL se reserva el derecho a retirar de inmediato el contenido, pudiendo solicitar el bloqueo permanente del usuario.\n\nGONZALEZ ARTE Y DECORACION SL no se har\u00e1 responsable de los contenidos que libremente ha publicado un usuario.\n\nEl usuario debe tener presente que sus publicaciones ser\u00e1n conocidas por los otros usuarios, por lo que \u00e9l mismo es el principal responsable de su privacidad.\n\nLas im\u00e1genes que puedan publicarse en la p\u00e1gina no ser\u00e1n almacenadas en ning\u00fan sistema de tratamiento por parte de GONZALEZ ARTE Y DECORACION SL, pero s\u00ed que permanecer\u00e1n en la Red Social.\n<h6>Concursos y promociones<\/h6>\n<strong>\u00a0<\/strong>\n\nGONZALEZ ARTE Y DECORACION SL se reserva el derecho a realizar concursos y promociones, en los que podr\u00e1 participar el usuario unido a su p\u00e1gina. Las bases de cada uno de ellos, cuando se utilice para ello la plataforma de la Red Social, ser\u00e1n publicadas en la misma. Cumpliendo siempre con la LSSI-CE y con cualquier otra norma que le sea de aplicaci\u00f3n.\n\nLa Red Social no patrocina, avala ni administra, de modo alguno, ninguna de nuestras promociones, ni est\u00e1 asociada a ninguna de ellas.\n<h6>Publicidad<\/h6>\nGONZALEZ ARTE Y DECORACION SL utilizar\u00e1 la Red Social para publicitar sus productos y servicios, en todo caso, si decide tratar sus datos de contacto para realizar acciones directas de prospecci\u00f3n comercial, ser\u00e1 siempre, cumpliendo con las exigencias legales de la normativa en materia de protecci\u00f3n de datos y de la LSSI- CE.\n\nNo se considerar\u00e1 publicidad el hecho de recomendar a otros usuarios la p\u00e1gina de GONZALEZ ARTE Y DECORACION SL para que tambi\u00e9n ellos puedan disfrutar de las promociones o estar informados de su actividad.\n\nA continuaci\u00f3n, detallamos el enlace a la pol\u00edtica de privacidad de la Red Social:\n<ul>\n \t<li>Facebook: <a href=\"https:\/\/es-facebook.com\/privacy\/explanation\"><u>https:\/\/es-facebook.com\/privacy\/explanation<\/u><\/a><u>\u00a0<\/u><\/li>\n \t<li>Instagram: <a href=\"http:\/\/instagram.com\/about\/legal\/privacy\/\">http:\/\/instagram.com\/about\/legal\/privacy\/<\/a><\/li>\n<\/ul>\n<strong>\u00daltima<\/strong> <strong>actualizaci\u00f3n:<\/strong> 5 de diciembre de 2024\t\t\t\t\t\t\t\t<\/div>\n\t\t\t\t<\/div>\n\t\t\t\t\t<\/div>\n\t\t<\/div>\n\t\t\t\t\t<\/div>\n\t\t<\/section>\n\t\t\t\t<section class=\"elementor-section elementor-top-section elementor-element elementor-element-787303f elementor-section-boxed elementor-section-height-default elementor-section-height-default sc_fly_static\" data-id=\"787303f\" data-element_type=\"section\" data-e-type=\"section\">\n\t\t\t\t\t\t<div class=\"elementor-container elementor-column-gap-extended\">\n\t\t\t\t\t<div class=\"elementor-column elementor-col-100 elementor-top-column elementor-element elementor-element-f1e6e6b sc_inner_width_none sc_content_align_inherit sc_layouts_column_icons_position_left sc_fly_static\" data-id=\"f1e6e6b\" data-element_type=\"column\" data-e-type=\"column\">\n\t\t\t<div class=\"elementor-widget-wrap elementor-element-populated\">\n\t\t\t\t\t\t<div class=\"elementor-element elementor-element-52ee5e2 sc_fly_static elementor-widget elementor-widget-spacer\" data-id=\"52ee5e2\" data-element_type=\"widget\" data-e-type=\"widget\" data-widget_type=\"spacer.default\">\n\t\t\t\t<div class=\"elementor-widget-container\">\n\t\t\t\t\t\t\t<div class=\"elementor-spacer\">\n\t\t\t<div class=\"elementor-spacer-inner\"><\/div>\n\t\t<\/div>\n\t\t\t\t\t\t<\/div>\n\t\t\t\t<\/div>\n\t\t\t\t\t<\/div>\n\t\t<\/div>\n\t\t\t\t\t<\/div>\n\t\t<\/section>\n\t\t\t\t<\/div>\n\t\t","protected":false},"excerpt":{"rendered":"<p>POL\u00cdTICA DE REDES SOCIALES De conformidad con lo establecido en la normativa vigente y aplicable de protecci\u00f3n de datos de car\u00e1cter personal y la Ley 34\/2002, de 11 de julio,&hellip;<\/p>\n","protected":false},"author":1,"featured_media":0,"parent":0,"menu_order":0,"comment_status":"closed","ping_status":"closed","template":"","meta":{"footnotes":""},"class_list":["post-37620","page","type-page","status-publish","hentry"],"jetpack_sharing_enabled":true,"_links":{"self":[{"href":"https:\/\/www.gonzalez-arte.com\/fr\/wp-json\/wp\/v2\/pages\/37620","targetHints":{"allow":["GET"]}}],"collection":[{"href":"https:\/\/www.gonzalez-arte.com\/fr\/wp-json\/wp\/v2\/pages"}],"about":[{"href":"https:\/\/www.gonzalez-arte.com\/fr\/wp-json\/wp\/v2\/types\/page"}],"author":[{"embeddable":true,"href":"https:\/\/www.gonzalez-arte.com\/fr\/wp-json\/wp\/v2\/users\/1"}],"replies":[{"embeddable":true,"href":"https:\/\/www.gonzalez-arte.com\/fr\/wp-json\/wp\/v2\/comments?post=37620"}],"version-history":[{"count":5,"href":"https:\/\/www.gonzalez-arte.com\/fr\/wp-json\/wp\/v2\/pages\/37620\/revisions"}],"predecessor-version":[{"id":37669,"href":"https:\/\/www.gonzalez-arte.com\/fr\/wp-json\/wp\/v2\/pages\/37620\/revisions\/37669"}],"wp:attachment":[{"href":"https:\/\/www.gonzalez-arte.com\/fr\/wp-json\/wp\/v2\/media?parent=37620"}],"curies":[{"name":"wp","href":"https:\/\/api.w.org\/{rel}","templated":true}]}}