{"id":38075,"date":"2026-03-03T18:04:12","date_gmt":"2026-03-03T17:04:12","guid":{"rendered":"https:\/\/www.gonzalez-arte.com\/?page_id=38075"},"modified":"2026-03-03T18:04:12","modified_gmt":"2026-03-03T17:04:12","slug":"produits-2","status":"publish","type":"page","link":"https:\/\/www.gonzalez-arte.com\/fr\/produits-2\/","title":{"rendered":"Produits"},"content":{"rendered":"<p>\/videos\/GAD_ART_INTERIHOTEL_2023.mp4\/videos\/GAD_ESPEJOS_WIFI_BLUETOOTH.mp4\t\t<\/p>\n<p>Nous sommes des <strong>sp\u00e9cialistes de la fabrication de produits d\u00e9coratifs<\/strong>, avec plus de 30 ans d&rsquo;exp\u00e9rience.<\/p>\n<p>Notre innovation et notre cr\u00e9ativit\u00e9 permanentes en mati\u00e8re d&rsquo;am\u00e9nagement et de d\u00e9coration d&rsquo;int\u00e9rieur nous ont permis de devenir la <strong>marque de r\u00e9f\u00e9rence dans le secteur des miroirs d\u00e9coratifs et des accessoires de d\u00e9coration.<\/strong><\/p>\n<p>Nous proposons une large gamme <strong>de miroirs, de tableaux, de cadres photos et de peintures originales<\/strong>, de diff\u00e9rentes tailles et formes, ainsi que dans diff\u00e9rents cadres, avec une grande vari\u00e9t\u00e9 de moulures aux formes et textures multiples.<\/p>\n<p>Notre <strong>service de conception et de personnalisation<\/strong> nous permet de vous offrir un <strong>produit exclusif<\/strong>, ainsi que les <strong>garanties et la qualit\u00e9 d&rsquo;un service complet<\/strong>.<\/p>\n<h2>Cadres<\/h2>\n<section>\n<p>Notre vari\u00e9t\u00e9 de cadres est con\u00e7ue pour s&rsquo;adapter \u00e0 tout type d&rsquo;environnement.<\/p>\n<p>Des cadres pour photos, triptyques, cadres vintage ou cadres pour fleurs&#8230; jusqu&rsquo;\u00e0 l&rsquo;encadrement de peintures abstraites et de tout type de motif personnalis\u00e9.<\/p>\n<p>Nos mod\u00e8les sont disponibles dans diff\u00e9rents mat\u00e9riaux, tailles et couleurs.<\/p>\n<\/section>\n<p>\t\t\t\t\t\t\t\t\t\t\t\t\t\t\t<img loading=\"lazy\" decoding=\"async\" width=\"768\" height=\"768\" src=\"https:\/\/www.gonzalez-arte.com\/wp-content\/uploads\/2023\/09\/render_productos2-768x768.jpg\" alt=\"\" loading=\"lazy\" srcset=\"https:\/\/www.gonzalez-arte.com\/wp-content\/uploads\/2023\/09\/render_productos2-768x768.jpg 768w, https:\/\/www.gonzalez-arte.com\/wp-content\/uploads\/2023\/09\/render_productos2-300x300.jpg 300w, https:\/\/www.gonzalez-arte.com\/wp-content\/uploads\/2023\/09\/render_productos2-1024x1024.jpg 1024w, https:\/\/www.gonzalez-arte.com\/wp-content\/uploads\/2023\/09\/render_productos2-150x150.jpg 150w, https:\/\/www.gonzalez-arte.com\/wp-content\/uploads\/2023\/09\/render_productos2-1536x1536.jpg 1536w, https:\/\/www.gonzalez-arte.com\/wp-content\/uploads\/2023\/09\/render_productos2-2048x2048.jpg 2048w, https:\/\/www.gonzalez-arte.com\/wp-content\/uploads\/2023\/09\/render_productos2-370x370.jpg 370w, https:\/\/www.gonzalez-arte.com\/wp-content\/uploads\/2023\/09\/render_productos2-120x120.jpg 120w, https:\/\/www.gonzalez-arte.com\/wp-content\/uploads\/2023\/09\/render_productos2-840x840.jpg 840w, https:\/\/www.gonzalez-arte.com\/wp-content\/uploads\/2023\/09\/render_productos2-410x410.jpg 410w\" sizes=\"auto, (max-width: 768px) 100vw, 768px\" \/><br \/>\n\t\t\t\t\t\t\t\t\t\t\t\t\t\t\t<img loading=\"lazy\" decoding=\"async\" width=\"768\" height=\"768\" src=\"https:\/\/www.gonzalez-arte.com\/wp-content\/uploads\/2023\/09\/render_productos2-768x768.jpg\" alt=\"\" loading=\"lazy\" srcset=\"https:\/\/www.gonzalez-arte.com\/wp-content\/uploads\/2023\/09\/render_productos2-768x768.jpg 768w, https:\/\/www.gonzalez-arte.com\/wp-content\/uploads\/2023\/09\/render_productos2-300x300.jpg 300w, https:\/\/www.gonzalez-arte.com\/wp-content\/uploads\/2023\/09\/render_productos2-1024x1024.jpg 1024w, https:\/\/www.gonzalez-arte.com\/wp-content\/uploads\/2023\/09\/render_productos2-150x150.jpg 150w, https:\/\/www.gonzalez-arte.com\/wp-content\/uploads\/2023\/09\/render_productos2-1536x1536.jpg 1536w, https:\/\/www.gonzalez-arte.com\/wp-content\/uploads\/2023\/09\/render_productos2-2048x2048.jpg 2048w, https:\/\/www.gonzalez-arte.com\/wp-content\/uploads\/2023\/09\/render_productos2-370x370.jpg 370w, https:\/\/www.gonzalez-arte.com\/wp-content\/uploads\/2023\/09\/render_productos2-120x120.jpg 120w, https:\/\/www.gonzalez-arte.com\/wp-content\/uploads\/2023\/09\/render_productos2-840x840.jpg 840w, https:\/\/www.gonzalez-arte.com\/wp-content\/uploads\/2023\/09\/render_productos2-410x410.jpg 410w\" sizes=\"auto, (max-width: 768px) 100vw, 768px\" \/>\t\t\t\t\t\t\t\t\t\t\t\t\t\t\t<\/p>\n<h2>Cadres<\/h2>\n<section>\n<p>Notre vari\u00e9t\u00e9 de cadres est con\u00e7ue pour s&rsquo;adapter \u00e0 tout type d&rsquo;environnement.<\/p>\n<p>Des cadres pour photos, triptyques, cadres vintage ou cadres pour fleurs&#8230; jusqu&rsquo;\u00e0 l&rsquo;encadrement de peintures abstraites et de tout type de motif personnalis\u00e9.<\/p>\n<p>Nos mod\u00e8les sont disponibles dans diff\u00e9rents mat\u00e9riaux, tailles et couleurs.<\/p>\n<\/section>\n<h2>Miroirs<\/h2>\n<p>Notre polyvalence dans la conception et la fabrication de miroirs nous permet de vous offrir une grande vari\u00e9t\u00e9 de solutions : miroirs biseaut\u00e9s, miroirs d\u00e9cor\u00e9s \u00e0 la main selon des techniques artisanales, miroirs avec lumi\u00e8re et autres compl\u00e9ments.<\/p>\n<p>Nos produits peuvent \u00eatre personnalis\u00e9s afin que chaque pi\u00e8ce soit unique et personnelle, toujours adapt\u00e9e aux besoins de nos clients.<\/p>\n<p>\t\t\t\t\t\t\t\t\t\t\t\t\t\t\t<img decoding=\"async\" src=\"https:\/\/www.gonzalez-arte.com\/wp-content\/uploads\/elementor\/thumbs\/render_productos_espejos-qcq3vba6q6d7aosu8y4tfn9tascviyije51i8jdeyo.jpg\" title=\"render_productos_espejos\" alt=\"render_productos_espejos\" loading=\"lazy\" \/>\t\t\t\t\t\t\t\t\t\t\t\t\t\t\t<\/p>\n<h2>Miroirs<\/h2>\n<p>Notre polyvalence dans la conception et la fabrication de miroirs nous permet de vous offrir une grande vari\u00e9t\u00e9 de solutions : miroirs biseaut\u00e9s, miroirs d\u00e9cor\u00e9s \u00e0 la main selon des techniques artisanales, miroirs avec lumi\u00e8re et autres compl\u00e9ments.<\/p>\n<p>Nos produits peuvent \u00eatre personnalis\u00e9s afin que chaque pi\u00e8ce soit unique et personnelle, toujours adapt\u00e9e aux besoins de nos clients.<\/p>\n<p>\t\t\t\t\t\t\t\t\t\t\t\t\t\t\t<img decoding=\"async\" src=\"https:\/\/www.gonzalez-arte.com\/wp-content\/uploads\/elementor\/thumbs\/render_productos_espejos-qcq3vba6q6d7aosu8y4tfn9tascviyije51i8jdeyo.jpg\" title=\"render_productos_espejos\" alt=\"render_productos_espejos\" loading=\"lazy\" \/>\t\t\t\t\t\t\t\t\t\t\t\t\t\t\t<\/p>\n<h2>Moulures<\/h2>\n<section>\n<p>Nous fabriquons des moulures en bois et autres mat\u00e9riaux, dans une grande vari\u00e9t\u00e9 de formes et de couleurs, ce qui nous permet de vous proposer un design totalement personnalis\u00e9.<\/p>\n<p>Nos solutions d&rsquo;impression num\u00e9rique sur mat\u00e9riaux rigides nous permettent \u00e9galement de nous adapter pleinement \u00e0 l&rsquo;imagination de nos clients, en les aidant \u00e0 concevoir et \u00e0 d\u00e9corer tous types d&rsquo;environnements de d\u00e9coration int\u00e9rieure.<\/p>\n<\/section>\n<p>\t\t\t\t\t\t\t\t\t\t\t\t\t\t\t<img loading=\"lazy\" decoding=\"async\" width=\"769\" height=\"1024\" src=\"https:\/\/www.gonzalez-arte.com\/wp-content\/uploads\/2023\/10\/render_molduras-769x1024.jpg\" alt=\"\" loading=\"lazy\" srcset=\"https:\/\/www.gonzalez-arte.com\/wp-content\/uploads\/2023\/10\/render_molduras-769x1024.jpg 769w, https:\/\/www.gonzalez-arte.com\/wp-content\/uploads\/2023\/10\/render_molduras-225x300.jpg 225w, https:\/\/www.gonzalez-arte.com\/wp-content\/uploads\/2023\/10\/render_molduras-768x1023.jpg 768w, https:\/\/www.gonzalez-arte.com\/wp-content\/uploads\/2023\/10\/render_molduras-1153x1536.jpg 1153w, https:\/\/www.gonzalez-arte.com\/wp-content\/uploads\/2023\/10\/render_molduras-1537x2048.jpg 1537w, https:\/\/www.gonzalez-arte.com\/wp-content\/uploads\/2023\/10\/render_molduras-370x493.jpg 370w, https:\/\/www.gonzalez-arte.com\/wp-content\/uploads\/2023\/10\/render_molduras-840x1119.jpg 840w, https:\/\/www.gonzalez-arte.com\/wp-content\/uploads\/2023\/10\/render_molduras-410x546.jpg 410w, https:\/\/www.gonzalez-arte.com\/wp-content\/uploads\/2023\/10\/render_molduras-scaled.jpg 1921w\" sizes=\"auto, (max-width: 769px) 100vw, 769px\" \/><br \/>\n\t\t\t\t\t\t\t\t\t\t\t\t\t\t\t<img loading=\"lazy\" decoding=\"async\" width=\"769\" height=\"1024\" src=\"https:\/\/www.gonzalez-arte.com\/wp-content\/uploads\/2023\/10\/render_molduras-769x1024.jpg\" alt=\"\" loading=\"lazy\" srcset=\"https:\/\/www.gonzalez-arte.com\/wp-content\/uploads\/2023\/10\/render_molduras-769x1024.jpg 769w, https:\/\/www.gonzalez-arte.com\/wp-content\/uploads\/2023\/10\/render_molduras-225x300.jpg 225w, https:\/\/www.gonzalez-arte.com\/wp-content\/uploads\/2023\/10\/render_molduras-768x1023.jpg 768w, https:\/\/www.gonzalez-arte.com\/wp-content\/uploads\/2023\/10\/render_molduras-1153x1536.jpg 1153w, https:\/\/www.gonzalez-arte.com\/wp-content\/uploads\/2023\/10\/render_molduras-1537x2048.jpg 1537w, https:\/\/www.gonzalez-arte.com\/wp-content\/uploads\/2023\/10\/render_molduras-370x493.jpg 370w, https:\/\/www.gonzalez-arte.com\/wp-content\/uploads\/2023\/10\/render_molduras-840x1119.jpg 840w, https:\/\/www.gonzalez-arte.com\/wp-content\/uploads\/2023\/10\/render_molduras-410x546.jpg 410w, https:\/\/www.gonzalez-arte.com\/wp-content\/uploads\/2023\/10\/render_molduras-scaled.jpg 1921w\" sizes=\"auto, (max-width: 769px) 100vw, 769px\" \/>\t\t\t\t\t\t\t\t\t\t\t\t\t\t\t<\/p>\n<h2>Moulures<\/h2>\n<section>\n<p>Nous fabriquons des moulures en bois et autres mat\u00e9riaux, dans une grande vari\u00e9t\u00e9 de formes et de couleurs, ce qui nous permet de vous proposer un design totalement personnalis\u00e9.<\/p>\n<p>Nos solutions d&rsquo;impression num\u00e9rique sur mat\u00e9riaux rigides nous permettent \u00e9galement de nous adapter pleinement \u00e0 l&rsquo;imagination de nos clients, en les aidant \u00e0 concevoir et \u00e0 d\u00e9corer tous types d&rsquo;environnements de d\u00e9coration int\u00e9rieure.<\/p>\n<\/section>\n<h2>Cadre photo<\/h2>\n<section>\n<section>\n<section>\n<p>Les cadres photo, \u00e9galement appel\u00e9s cadres d&rsquo;images, ajoutent du design et de l&rsquo;\u00e9l\u00e9gance aux petites photographies.<\/p>\n<p>Dans nos collections, vous trouverez une grande vari\u00e9t\u00e9 de cadres photo fabriqu\u00e9s dans diff\u00e9rents mat\u00e9riaux (bois, fibres&#8230;) et d\u00e9clin\u00e9s dans diff\u00e9rents th\u00e8mes (m\u00e9diterran\u00e9en, industriel, vintage&#8230;).<\/p>\n<\/section>\n<\/section>\n<\/section>\n<p>\t\t\t\t\t\t\t\t\t\t\t\t\t\t\t<img loading=\"lazy\" decoding=\"async\" width=\"350\" height=\"500\" src=\"https:\/\/www.gonzalez-arte.com\/wp-content\/uploads\/2023\/09\/imagen_lateral_molduras-1.jpg\" alt=\"\" loading=\"lazy\" srcset=\"https:\/\/www.gonzalez-arte.com\/wp-content\/uploads\/2023\/09\/imagen_lateral_molduras-1.jpg 350w, https:\/\/www.gonzalez-arte.com\/wp-content\/uploads\/2023\/09\/imagen_lateral_molduras-1-210x300.jpg 210w\" sizes=\"auto, (max-width: 600px) 100vw, 350px\" \/>\t\t\t\t\t\t\t\t\t\t\t\t\t\t\t<\/p>\n<h2>Cadre photo<\/h2>\n<section>\n<section>\n<section>\n<p>Les cadres photo, \u00e9galement appel\u00e9s cadres d&rsquo;images, ajoutent du design et de l&rsquo;\u00e9l\u00e9gance aux petites photographies.<\/p>\n<p>Dans nos collections, vous trouverez une grande vari\u00e9t\u00e9 de cadres photo fabriqu\u00e9s dans diff\u00e9rents mat\u00e9riaux (bois, fibres&#8230;) et d\u00e9clin\u00e9s dans diff\u00e9rents th\u00e8mes (m\u00e9diterran\u00e9en, industriel, vintage&#8230;).<\/p>\n<\/section>\n<\/section>\n<\/section>\n<p>\t\t\t\t\t\t\t\t\t\t\t\t\t\t\t<img loading=\"lazy\" decoding=\"async\" width=\"350\" height=\"500\" src=\"https:\/\/www.gonzalez-arte.com\/wp-content\/uploads\/2023\/09\/imagen_lateral_molduras-1.jpg\" alt=\"\" loading=\"lazy\" srcset=\"https:\/\/www.gonzalez-arte.com\/wp-content\/uploads\/2023\/09\/imagen_lateral_molduras-1.jpg 350w, https:\/\/www.gonzalez-arte.com\/wp-content\/uploads\/2023\/09\/imagen_lateral_molduras-1-210x300.jpg 210w\" sizes=\"auto, (max-width: 600px) 100vw, 350px\" \/>\t\t\t\t\t\t\t\t\t\t\t\t\t\t\t<\/p>\n<h2>Peintures originales<\/h2>\n<p>Nos collections de peintures ou de tableaux originaux vous permettront d&rsquo;avoir l&rsquo;\u0153uvre qui correspond le mieux \u00e0 vos besoins.<\/p>\n<p>De la peinture abstraite \u00e0 la peinture \u00e0 l&rsquo;huile ou \u00e0 l&rsquo;\u0153uvre d&rsquo;art, nos catalogues vous surprendront par leur originalit\u00e9 et la qualit\u00e9 des mat\u00e9riaux, ainsi que par les nombreuses combinaisons possibles pour l&rsquo;encadrement et la personnalisation.<\/p>\n<p>\t\t\t\t\t\t\t\t\t\t\t\t\t\t\t<img loading=\"lazy\" decoding=\"async\" width=\"350\" height=\"500\" src=\"https:\/\/www.gonzalez-arte.com\/wp-content\/uploads\/2023\/09\/imagen_lateral_pinturas_originales.jpg\" alt=\"\" loading=\"lazy\" srcset=\"https:\/\/www.gonzalez-arte.com\/wp-content\/uploads\/2023\/09\/imagen_lateral_pinturas_originales.jpg 350w, https:\/\/www.gonzalez-arte.com\/wp-content\/uploads\/2023\/09\/imagen_lateral_pinturas_originales-210x300.jpg 210w\" sizes=\"auto, (max-width: 600px) 100vw, 350px\" \/><br \/>\n\t\t\t\t\t\t\t\t\t\t\t\t\t\t\t<img loading=\"lazy\" decoding=\"async\" width=\"350\" height=\"500\" src=\"https:\/\/www.gonzalez-arte.com\/wp-content\/uploads\/2023\/09\/imagen_lateral_pinturas_originales.jpg\" alt=\"\" loading=\"lazy\" srcset=\"https:\/\/www.gonzalez-arte.com\/wp-content\/uploads\/2023\/09\/imagen_lateral_pinturas_originales.jpg 350w, https:\/\/www.gonzalez-arte.com\/wp-content\/uploads\/2023\/09\/imagen_lateral_pinturas_originales-210x300.jpg 210w\" sizes=\"auto, (max-width: 600px) 100vw, 350px\" \/>\t\t\t\t\t\t\t\t\t\t\t\t\t\t\t<\/p>\n<h2>Peintures originales<\/h2>\n<p>Nos collections de peintures ou de tableaux originaux vous permettront d&rsquo;avoir l&rsquo;\u0153uvre qui correspond le mieux \u00e0 vos besoins.<\/p>\n<p>De la peinture abstraite \u00e0 la peinture \u00e0 l&rsquo;huile ou \u00e0 l&rsquo;\u0153uvre d&rsquo;art, nos catalogues vous surprendront par leur originalit\u00e9 et la qualit\u00e9 des mat\u00e9riaux, ainsi que par les nombreuses combinaisons possibles pour l&rsquo;encadrement et la personnalisation.<\/p>\n<h1>Vous voulez plus d&rsquo;informations?<\/h1>\n<h3>Nous avons h\u00e2te de faire votre connaissance.<\/h3>\n<p>\t\t\t<a href=\"https:\/\/www.gonzalez-arte.com\/fr\/contact\/\" >Contact<\/a><\/p>\n","protected":false},"excerpt":{"rendered":"<p>\/videos\/GAD_ART_INTERIHOTEL_2023.mp4\/videos\/GAD_ESPEJOS_WIFI_BLUETOOTH.mp4 Nous sommes des sp\u00e9cialistes de la fabrication de produits d\u00e9coratifs, avec plus de 30 ans d&rsquo;exp\u00e9rience. Notre innovation et notre cr\u00e9ativit\u00e9 permanentes en mati\u00e8re d&rsquo;am\u00e9nagement et de d\u00e9coration d&rsquo;int\u00e9rieur&hellip;<\/p>\n","protected":false},"author":3,"featured_media":0,"parent":0,"menu_order":0,"comment_status":"closed","ping_status":"closed","template":"","meta":{"footnotes":""},"class_list":["post-38075","page","type-page","status-publish","hentry"],"jetpack_sharing_enabled":true,"_links":{"self":[{"href":"https:\/\/www.gonzalez-arte.com\/fr\/wp-json\/wp\/v2\/pages\/38075","targetHints":{"allow":["GET"]}}],"collection":[{"href":"https:\/\/www.gonzalez-arte.com\/fr\/wp-json\/wp\/v2\/pages"}],"about":[{"href":"https:\/\/www.gonzalez-arte.com\/fr\/wp-json\/wp\/v2\/types\/page"}],"author":[{"embeddable":true,"href":"https:\/\/www.gonzalez-arte.com\/fr\/wp-json\/wp\/v2\/users\/3"}],"replies":[{"embeddable":true,"href":"https:\/\/www.gonzalez-arte.com\/fr\/wp-json\/wp\/v2\/comments?post=38075"}],"version-history":[{"count":1,"href":"https:\/\/www.gonzalez-arte.com\/fr\/wp-json\/wp\/v2\/pages\/38075\/revisions"}],"predecessor-version":[{"id":38077,"href":"https:\/\/www.gonzalez-arte.com\/fr\/wp-json\/wp\/v2\/pages\/38075\/revisions\/38077"}],"wp:attachment":[{"href":"https:\/\/www.gonzalez-arte.com\/fr\/wp-json\/wp\/v2\/media?parent=38075"}],"curies":[{"name":"wp","href":"https:\/\/api.w.org\/{rel}","templated":true}]}}